{"id":856,"date":"2021-09-30T21:35:16","date_gmt":"2021-09-30T19:35:16","guid":{"rendered":"https:\/\/doktormraz.sk\/doktor-mraz\/"},"modified":"2024-09-03T21:05:21","modified_gmt":"2024-09-03T19:05:21","slug":"doctor-mraz","status":"publish","type":"page","link":"https:\/\/doktormraz.sk\/en\/doctor-mraz\/","title":{"rendered":"About me"},"content":{"rendered":"<section class=\"l-section wpb_row us_custom_7abdb39a height_auto\"><div class=\"l-section-h i-cf\"><div class=\"g-cols vc_row via_flex valign_top type_default stacking_default\"><div class=\"vc_col-sm-12 wpb_column vc_column_container page-hero-row\"><div class=\"vc_column-inner\"><div class=\"wpb_wrapper\"><div class=\"w-image page-hero-img align_center\"><div class=\"w-image-h\"><img decoding=\"async\" width=\"1134\" height=\"1134\" src=\"https:\/\/doktormraz.sk\/wp-content\/uploads\/2021\/10\/mraz-page.png\" class=\"attachment-full size-full\" alt=\"\" loading=\"lazy\" srcset=\"https:\/\/doktormraz.sk\/wp-content\/uploads\/2021\/10\/mraz-page.png 1134w, https:\/\/doktormraz.sk\/wp-content\/uploads\/2021\/10\/mraz-page-300x300.png 300w, https:\/\/doktormraz.sk\/wp-content\/uploads\/2021\/10\/mraz-page-1024x1024.png 1024w, https:\/\/doktormraz.sk\/wp-content\/uploads\/2021\/10\/mraz-page-150x150.png 150w\" sizes=\"auto, (max-width: 1134px) 100vw, 1134px\" \/><\/div><\/div><div class=\"w-hwrapper valign_top wrap align_justify\" id=\"mraz-numbers-1\" style=\"--hwrapper-gap:0\"><div class=\"w-counter color_primary align_left\" data-duration=\"0.5\"><div class=\"w-counter-value\"><span class=\"w-counter-value-part type_text\" data-final=\"\"><\/span><span class=\"w-counter-value-part type_number\" data-final=\"400\">320<\/span><span class=\"w-counter-value-part type_text\" data-final=\"+\"><\/span><\/div><p class=\"w-counter-title\">procedures per year<\/p><\/div><\/div><div class=\"w-hwrapper valign_top wrap align_justify\" id=\"mraz-numbers-2\" style=\"--hwrapper-gap:0\"><div class=\"w-counter color_primary align_left\" data-duration=\"0.5\"><div class=\"w-counter-value\"><span class=\"w-counter-value-part type_text\" data-final=\"\"><\/span><span class=\"w-counter-value-part type_number\" data-final=\"10\">1<\/span><span class=\"w-counter-value-part type_text\" data-final=\"+\"><\/span><\/div><p class=\"w-counter-title\">years of experience<\/p><\/div><\/div><\/div><\/div><\/div><\/div><\/div><\/section><section class=\"l-section wpb_row height_auto\"><div class=\"l-section-h i-cf\"><div class=\"g-cols vc_row via_flex valign_top type_default stacking_default\"><div class=\"vc_col-sm-12 wpb_column vc_column_container\"><div class=\"vc_column-inner\"><div class=\"wpb_wrapper\"><h1 class=\"main-title\">MUDr. J\u00e1n Mr\u00e1z<\/h1><\/div><\/div><\/div><\/div><\/div><\/section><section class=\"l-section wpb_row height_medium\"><div class=\"l-section-h i-cf\"><div class=\"g-cols vc_row via_flex valign_top type_default stacking_default\"><div class=\"vc_col-sm-12 wpb_column vc_column_container\"><div class=\"vc_column-inner\"><div class=\"wpb_wrapper\"><div class=\"w-image us_custom_2dbf7b3f align_none\"><div class=\"w-image-h\"><img decoding=\"async\" src=\"https:\/\/doktormraz.sk\/wp-content\/uploads\/2021\/09\/decorator-zameranie.svg\" class=\"attachment-full size-full\" alt=\"\" loading=\"lazy\" \/><\/div><\/div><div class=\"wpb_text_column us_custom_0a2e0859 has_text_color\"><div class=\"wpb_wrapper\"><p><span style=\"font-weight: 400;\">plastic surgeon, is one of the leading Slovak specialists.<\/span><\/p>\n<p><span style=\"font-weight: 400;\">He runs a private aesthetic practice at the Rudlov\u00e1 Clinic in Bansk\u00e1 Bystrica, he works at the F. D. Roosevelt University Hospital with Polyclinic in Bansk\u00e1 Bystrica. He is a member of the Slovak Society of Plastic and Aesthetic Surgery and the Slovak Medical Chamber.<\/span><\/p>\n<\/div><\/div><div class=\"wpb_text_column\"><div class=\"wpb_wrapper\"><p><span style=\"font-weight: 400;\">She specializes in plastic and aesthetic medicine. He performs almost all types of plastic procedures and thanks to his extensive experience in the field of aesthetic surgery, he is sought after by patients from all over Slovakia, as well as abroad. In his work he uses modern and progressive treatment techniques, which he always adapts to the specific requirements of each patient.<\/span><\/p>\n<p><span style=\"font-weight: 400;\">He is a member of the Slovak Society of Plastic and Aesthetic Surgery and the Slovak Medical Chamber, lectures at the university and regularly attends training courses and workshops, so he is able to apply the latest treatment procedures in the field of aesthetic medicine in his practice.<\/span><\/p>\n<p><strong>In his own words:<\/strong><br \/>\n<em><strong>&#8220;<\/strong><strong>As a plastic surgeon, I am deeply committed to helping my patients feel confident and happy in their own skin. I strive to maintain a holistic approach and have dedicated my career to mastering the latest techniques and technologies in my field so that I can provide each and every one of my patients with the highest level of care.<\/strong><\/em><\/p>\n<p><strong><i>My specialties are nose and face surgery, breast surgery and body sculpting, but my portfolio of procedures is very broad indeed. I strive to be active in my professional community, I am a member of various international and national organizations, attend conferences, fellowships with leading plastic surgeons, and continually educate myself to stay current in my field and to be able to translate that to happier customers.<\/i><\/strong><\/p>\n<p><em><strong><i>Over time, I have gained a reputation for exceptional results with some of my clients, but I don&#8217;t consider that anything special. I am simply someone who is passionate about what they do and who strives to give their best every day, and I work hard to maintain those qualities in my practice. I am grateful for the trust my patients have placed in me over the years, and I am honored to be able to positively impact their lives. Whether I am performing a simple or complex procedure, I approach every case with the same care and attention to detail.<\/i>&#8220;<\/strong><\/em><\/p>\n<\/div><\/div><div class=\"w-hwrapper socials-flex valign_middle align_none\" style=\"--hwrapper-gap:50px\"><div class=\"w-image align_none\"><div class=\"w-image-h\"><img decoding=\"async\" src=\"https:\/\/doktormraz.sk\/wp-content\/uploads\/2021\/09\/decorator-soc-siete.svg\" class=\"attachment-full size-full\" alt=\"\" loading=\"lazy\" \/><\/div><\/div><div class=\"w-image align_none\"><a target=\"_blank\" rel=\"nofollow\" href=\"https:\/\/www.estheticon.sk\/chirurgovia\/jan-mraz-mraz\" aria-label=\"social-bigger-1\" class=\"w-image-h\"><img decoding=\"async\" src=\"https:\/\/doktormraz.sk\/wp-content\/uploads\/2021\/10\/social-bigger-1.svg\" class=\"attachment-full size-full\" alt=\"\" loading=\"lazy\" \/><\/a><\/div><div class=\"w-image align_none\"><a target=\"_blank\" rel=\"nofollow\" href=\"https:\/\/www.facebook.com\/mudrjanmraz\" aria-label=\"social-bigger-2\" class=\"w-image-h\"><img decoding=\"async\" src=\"https:\/\/doktormraz.sk\/wp-content\/uploads\/2021\/10\/social-bigger-2.svg\" class=\"attachment-full size-full\" alt=\"\" loading=\"lazy\" \/><\/a><\/div><div class=\"w-image align_none\"><a target=\"_blank\" rel=\"nofollow\" href=\"https:\/\/www.instagram.com\/doktor_mraz\/\" aria-label=\"social-bigger-3\" class=\"w-image-h\"><img decoding=\"async\" src=\"https:\/\/doktormraz.sk\/wp-content\/uploads\/2021\/10\/social-bigger-3.svg\" class=\"attachment-full size-full\" alt=\"\" loading=\"lazy\" \/><\/a><\/div><\/div><\/div><\/div><\/div><\/div><\/div><\/section><section class=\"l-section wpb_row us_custom_fcb17ecf height_auto\"><div class=\"l-section-h i-cf\"><div class=\"g-cols vc_row via_flex valign_top type_default stacking_default\"><div class=\"vc_col-sm-12 wpb_column vc_column_container\"><div class=\"vc_column-inner\"><div class=\"wpb_wrapper\"><h2 class=\"main-title small\">Ambulance<\/h2><div class=\"w-grid image-carousel type_carousel layout_157 preload_style_spinner\" id=\"us_grid_1\"><style>.layout_157 .w-grid-item-h{}<\/style><div class=\"w-grid-list owl-carousel valign_stretch dotstyle_circle navstyle_circle navpos_outside owl-responsive-2000 with_arrows\" style=\"--transition-duration:350ms;--arrows-size:1.5rem;\">\t<article class=\"w-grid-item post-154 attachment type-attachment status-inherit hentry\" data-id=\"154\">\r\n\t\t<div class=\"w-grid-item-h\">\r\n\t\t\t\t\t\t<div class=\"w-post-elm post_image usg_post_image_1 image-item stretched\"><a ref=\"magnificPopup\" href=\"https:\/\/doktormraz.sk\/wp-content\/uploads\/2021\/10\/IMG_8931-min.jpg\" aria-label=\"IMG_8931-min\"><img decoding=\"async\" width=\"1000\" height=\"600\" src=\"https:\/\/doktormraz.sk\/wp-content\/uploads\/2021\/10\/IMG_8931-min-1000x600.jpg\" class=\"attachment-us_1135_600_crop size-us_1135_600_crop\" alt=\"\" \/><\/a><\/div>\t\t<\/div>\r\n\t\t\t<\/article>\r\n\t<article class=\"w-grid-item post-152 attachment type-attachment status-inherit hentry\" data-id=\"152\">\r\n\t\t<div class=\"w-grid-item-h\">\r\n\t\t\t\t\t\t<div class=\"w-post-elm post_image usg_post_image_1 image-item stretched\"><a ref=\"magnificPopup\" href=\"https:\/\/doktormraz.sk\/wp-content\/uploads\/2021\/10\/IMG_8920-min.jpg\" aria-label=\"IMG_8920-min\"><img decoding=\"async\" width=\"1000\" height=\"600\" src=\"https:\/\/doktormraz.sk\/wp-content\/uploads\/2021\/10\/IMG_8920-min-1000x600.jpg\" class=\"attachment-us_1135_600_crop size-us_1135_600_crop\" alt=\"\" \/><\/a><\/div>\t\t<\/div>\r\n\t\t\t<\/article>\r\n\t<article class=\"w-grid-item post-150 attachment type-attachment status-inherit hentry\" data-id=\"150\">\r\n\t\t<div class=\"w-grid-item-h\">\r\n\t\t\t\t\t\t<div class=\"w-post-elm post_image usg_post_image_1 image-item stretched\"><a ref=\"magnificPopup\" href=\"https:\/\/doktormraz.sk\/wp-content\/uploads\/2021\/10\/IMG_8910-min.jpg\" aria-label=\"IMG_8910-min\"><img decoding=\"async\" width=\"1000\" height=\"600\" src=\"https:\/\/doktormraz.sk\/wp-content\/uploads\/2021\/10\/IMG_8910-min-1000x600.jpg\" class=\"attachment-us_1135_600_crop size-us_1135_600_crop\" alt=\"\" \/><\/a><\/div>\t\t<\/div>\r\n\t\t\t<\/article>\r\n\t<article class=\"w-grid-item post-148 attachment type-attachment status-inherit hentry\" data-id=\"148\">\r\n\t\t<div class=\"w-grid-item-h\">\r\n\t\t\t\t\t\t<div class=\"w-post-elm post_image usg_post_image_1 image-item stretched\"><a ref=\"magnificPopup\" href=\"https:\/\/doktormraz.sk\/wp-content\/uploads\/2021\/10\/IMG_8906-min.jpg\" aria-label=\"IMG_8906-min\"><img decoding=\"async\" width=\"1000\" height=\"600\" src=\"https:\/\/doktormraz.sk\/wp-content\/uploads\/2021\/10\/IMG_8906-min-1000x600.jpg\" class=\"attachment-us_1135_600_crop size-us_1135_600_crop\" alt=\"\" \/><\/a><\/div>\t\t<\/div>\r\n\t\t\t<\/article>\r\n\t<article class=\"w-grid-item post-146 attachment type-attachment status-inherit hentry\" data-id=\"146\">\r\n\t\t<div class=\"w-grid-item-h\">\r\n\t\t\t\t\t\t<div class=\"w-post-elm post_image usg_post_image_1 image-item stretched\"><a ref=\"magnificPopup\" href=\"https:\/\/doktormraz.sk\/wp-content\/uploads\/2021\/10\/IMG_0577-min.jpg\" aria-label=\"IMG_0577-min\"><img decoding=\"async\" width=\"1000\" height=\"600\" src=\"https:\/\/doktormraz.sk\/wp-content\/uploads\/2021\/10\/IMG_0577-min-1000x600.jpg\" class=\"attachment-us_1135_600_crop size-us_1135_600_crop\" alt=\"\" \/><\/a><\/div>\t\t<\/div>\r\n\t\t\t<\/article>\r\n\t<article class=\"w-grid-item post-144 attachment type-attachment status-inherit hentry\" data-id=\"144\">\r\n\t\t<div class=\"w-grid-item-h\">\r\n\t\t\t\t\t\t<div class=\"w-post-elm post_image usg_post_image_1 image-item stretched\"><a ref=\"magnificPopup\" href=\"https:\/\/doktormraz.sk\/wp-content\/uploads\/2021\/10\/IMG_0545-min.jpg\" aria-label=\"IMG_0545-min\"><img decoding=\"async\" width=\"1000\" height=\"600\" src=\"https:\/\/doktormraz.sk\/wp-content\/uploads\/2021\/10\/IMG_0545-min-1000x600.jpg\" class=\"attachment-us_1135_600_crop size-us_1135_600_crop\" alt=\"\" \/><\/a><\/div>\t\t<\/div>\r\n\t\t\t<\/article>\r\n\t<article class=\"w-grid-item post-142 attachment type-attachment status-inherit hentry\" data-id=\"142\">\r\n\t\t<div class=\"w-grid-item-h\">\r\n\t\t\t\t\t\t<div class=\"w-post-elm post_image usg_post_image_1 image-item stretched\"><a ref=\"magnificPopup\" href=\"https:\/\/doktormraz.sk\/wp-content\/uploads\/2021\/10\/IMG_0517-min.jpg\" aria-label=\"IMG_0517-min\"><img decoding=\"async\" width=\"1000\" height=\"600\" src=\"https:\/\/doktormraz.sk\/wp-content\/uploads\/2021\/10\/IMG_0517-min-1000x600.jpg\" class=\"attachment-us_1135_600_crop size-us_1135_600_crop\" alt=\"\" \/><\/a><\/div>\t\t<\/div>\r\n\t\t\t<\/article>\r\n\t<article class=\"w-grid-item post-140 attachment type-attachment status-inherit hentry\" data-id=\"140\">\r\n\t\t<div class=\"w-grid-item-h\">\r\n\t\t\t\t\t\t<div class=\"w-post-elm post_image usg_post_image_1 image-item stretched\"><a ref=\"magnificPopup\" href=\"https:\/\/doktormraz.sk\/wp-content\/uploads\/2021\/10\/IMG_0504-min.jpg\" aria-label=\"IMG_0504-min\"><img decoding=\"async\" width=\"1000\" height=\"600\" src=\"https:\/\/doktormraz.sk\/wp-content\/uploads\/2021\/10\/IMG_0504-min-1000x600.jpg\" class=\"attachment-us_1135_600_crop size-us_1135_600_crop\" alt=\"\" \/><\/a><\/div>\t\t<\/div>\r\n\t\t\t<\/article>\r\n\t<article class=\"w-grid-item post-138 attachment type-attachment status-inherit hentry\" data-id=\"138\">\r\n\t\t<div class=\"w-grid-item-h\">\r\n\t\t\t\t\t\t<div class=\"w-post-elm post_image usg_post_image_1 image-item stretched\"><a ref=\"magnificPopup\" href=\"https:\/\/doktormraz.sk\/wp-content\/uploads\/2021\/10\/IMG_0496-min.jpg\" aria-label=\"IMG_0496-min\"><img decoding=\"async\" width=\"1000\" height=\"600\" src=\"https:\/\/doktormraz.sk\/wp-content\/uploads\/2021\/10\/IMG_0496-min-1000x600.jpg\" class=\"attachment-us_1135_600_crop size-us_1135_600_crop\" alt=\"\" \/><\/a><\/div>\t\t<\/div>\r\n\t\t\t<\/article>\r\n\t<article class=\"w-grid-item post-136 attachment type-attachment status-inherit hentry\" data-id=\"136\">\r\n\t\t<div class=\"w-grid-item-h\">\r\n\t\t\t\t\t\t<div class=\"w-post-elm post_image usg_post_image_1 image-item stretched\"><a ref=\"magnificPopup\" href=\"https:\/\/doktormraz.sk\/wp-content\/uploads\/2021\/10\/IMG_0488-min.jpg\" aria-label=\"IMG_0488-min\"><img decoding=\"async\" width=\"1000\" height=\"600\" src=\"https:\/\/doktormraz.sk\/wp-content\/uploads\/2021\/10\/IMG_0488-min-1000x600.jpg\" class=\"attachment-us_1135_600_crop size-us_1135_600_crop\" alt=\"\" \/><\/a><\/div>\t\t<\/div>\r\n\t\t\t<\/article>\r\n<\/div>\t<div class=\"g-preloader type_1\">\r\n\t\t<div><\/div>\r\n\t<\/div>\r\n\t\t<div class=\"w-grid-json hidden\" onclick='return {&quot;action&quot;:&quot;us_ajax_grid&quot;,&quot;infinite_scroll&quot;:0,&quot;max_num_pages&quot;:2,&quot;pagination&quot;:&quot;none&quot;,&quot;template_vars&quot;:{&quot;columns&quot;:&quot;&quot;,&quot;exclude_items&quot;:&quot;none&quot;,&quot;img_size&quot;:&quot;default&quot;,&quot;ignore_items_size&quot;:0,&quot;items_layout&quot;:&quot;157&quot;,&quot;items_offset&quot;:&quot;0px&quot;,&quot;load_animation&quot;:&quot;none&quot;,&quot;overriding_link&quot;:&quot;{\\&quot;url\\&quot;:\\&quot;\\&quot;}&quot;,&quot;post_id&quot;:0,&quot;query_args&quot;:{&quot;post_type&quot;:[&quot;attachment&quot;],&quot;post__in&quot;:[&quot;117&quot;,&quot;119&quot;,&quot;121&quot;,&quot;123&quot;,&quot;125&quot;,&quot;127&quot;,&quot;129&quot;,&quot;131&quot;,&quot;133&quot;,&quot;135&quot;,&quot;137&quot;,&quot;139&quot;,&quot;141&quot;,&quot;143&quot;,&quot;145&quot;,&quot;147&quot;,&quot;149&quot;,&quot;151&quot;,&quot;153&quot;],&quot;post_status&quot;:&quot;inherit&quot;,&quot;post_mime_type&quot;:&quot;image&quot;,&quot;posts_per_page&quot;:&quot;10&quot;},&quot;orderby_query_args&quot;:{&quot;orderby&quot;:{&quot;date&quot;:&quot;DESC&quot;}},&quot;type&quot;:&quot;carousel&quot;,&quot;us_grid_post_type&quot;:&quot;attachment&quot;,&quot;us_grid_ajax_index&quot;:1,&quot;us_grid_filter_query_string&quot;:null,&quot;us_grid_index&quot;:1,&quot;page_args&quot;:[],&quot;lang&quot;:&quot;en&quot;},&quot;carousel_settings&quot;:{&quot;aria_labels&quot;:{&quot;prev&quot;:&quot;Previous&quot;,&quot;next&quot;:&quot;Next&quot;},&quot;autoplayContinual&quot;:false,&quot;autoplayHoverPause&quot;:false,&quot;autoplayTimeout&quot;:3000,&quot;autoWidth&quot;:false,&quot;smartSpeed&quot;:350,&quot;margin&quot;:0,&quot;mouseDrag&quot;:true,&quot;rtl&quot;:false,&quot;slideBy&quot;:&quot;1&quot;,&quot;touchDrag&quot;:true,&quot;slideTransition&quot;:&quot;cubic-bezier(.78,.13,.15,.86)&quot;,&quot;responsive&quot;:{&quot;0&quot;:{&quot;autoHeight&quot;:false,&quot;autoplay&quot;:true,&quot;autoWidth&quot;:false,&quot;center&quot;:false,&quot;dots&quot;:false,&quot;items&quot;:1,&quot;loop&quot;:true,&quot;nav&quot;:false,&quot;stagePadding&quot;:0,&quot;slideBy&quot;:&quot;1&quot;},&quot;601&quot;:{&quot;autoHeight&quot;:false,&quot;autoplay&quot;:true,&quot;autoWidth&quot;:false,&quot;center&quot;:false,&quot;dots&quot;:false,&quot;items&quot;:1,&quot;loop&quot;:true,&quot;nav&quot;:true,&quot;stagePadding&quot;:0,&quot;slideBy&quot;:&quot;1&quot;},&quot;1025&quot;:{&quot;autoHeight&quot;:false,&quot;autoplay&quot;:true,&quot;autoWidth&quot;:false,&quot;center&quot;:false,&quot;dots&quot;:false,&quot;items&quot;:1,&quot;loop&quot;:true,&quot;nav&quot;:true,&quot;stagePadding&quot;:0,&quot;slideBy&quot;:&quot;1&quot;},&quot;1281&quot;:{&quot;items&quot;:1,&quot;autoplay&quot;:false,&quot;center&quot;:false,&quot;dots&quot;:false,&quot;nav&quot;:true,&quot;autoHeight&quot;:false,&quot;autoWidth&quot;:false,&quot;loop&quot;:true,&quot;stagePadding&quot;:0}}}}'><\/div>\r\n\t<\/div><\/div><\/div><\/div><\/div><\/div><\/section>\n","protected":false},"excerpt":{"rendered":"","protected":false},"author":1,"featured_media":0,"parent":0,"menu_order":0,"comment_status":"closed","ping_status":"closed","template":"","meta":{"_acf_changed":false,"inline_featured_image":false,"footnotes":""},"class_list":["post-856","page","type-page","status-publish","hentry"],"acf":[],"yoast_head":"<!-- This site is optimized with the Yoast SEO plugin v27.5 - https:\/\/yoast.com\/product\/yoast-seo-wordpress\/ -->\n<title>About me - plastick\u00fd chirurg<\/title>\n<meta name=\"description\" content=\"Plastick\u00fd chirurg doktor Mr\u00e1z patr\u00ed medzi popredn\u00fdch odborn\u00edkov plastickej a estetickej medic\u00edny. Svoju prax vedie v Banskej Bystrici.\" \/>\n<meta name=\"robots\" content=\"index, follow, max-snippet:-1, max-image-preview:large, max-video-preview:-1\" \/>\n<link rel=\"canonical\" href=\"https:\/\/doktormraz.sk\/en\/doctor-mraz\/\" \/>\n<meta property=\"og:locale\" content=\"en_US\" \/>\n<meta property=\"og:type\" content=\"article\" \/>\n<meta property=\"og:title\" content=\"About me - plastick\u00fd chirurg\" \/>\n<meta property=\"og:description\" content=\"Plastick\u00fd chirurg doktor Mr\u00e1z patr\u00ed medzi popredn\u00fdch odborn\u00edkov plastickej a estetickej medic\u00edny. Svoju prax vedie v Banskej Bystrici.\" \/>\n<meta property=\"og:url\" content=\"https:\/\/doktormraz.sk\/en\/doctor-mraz\/\" \/>\n<meta property=\"og:site_name\" content=\"Mr\u00e1z\" \/>\n<meta property=\"article:modified_time\" content=\"2024-09-03T19:05:21+00:00\" \/>\n<meta name=\"twitter:card\" content=\"summary_large_image\" \/>\n<meta name=\"twitter:label1\" content=\"Est. reading time\" \/>\n\t<meta name=\"twitter:data1\" content=\"8 minutes\" \/>\n<script type=\"application\/ld+json\" class=\"yoast-schema-graph\">{\"@context\":\"https:\\\/\\\/schema.org\",\"@graph\":[{\"@type\":\"WebPage\",\"@id\":\"https:\\\/\\\/doktormraz.sk\\\/en\\\/doctor-mraz\\\/\",\"url\":\"https:\\\/\\\/doktormraz.sk\\\/en\\\/doctor-mraz\\\/\",\"name\":\"About me - plastick\u00fd chirurg\",\"isPartOf\":{\"@id\":\"https:\\\/\\\/doktormraz.sk\\\/#website\"},\"datePublished\":\"2021-09-30T19:35:16+00:00\",\"dateModified\":\"2024-09-03T19:05:21+00:00\",\"description\":\"Plastick\u00fd chirurg doktor Mr\u00e1z patr\u00ed medzi popredn\u00fdch odborn\u00edkov plastickej a estetickej medic\u00edny. Svoju prax vedie v Banskej Bystrici.\",\"breadcrumb\":{\"@id\":\"https:\\\/\\\/doktormraz.sk\\\/en\\\/doctor-mraz\\\/#breadcrumb\"},\"inLanguage\":\"en-US\",\"potentialAction\":[{\"@type\":\"ReadAction\",\"target\":[\"https:\\\/\\\/doktormraz.sk\\\/en\\\/doctor-mraz\\\/\"]}]},{\"@type\":\"BreadcrumbList\",\"@id\":\"https:\\\/\\\/doktormraz.sk\\\/en\\\/doctor-mraz\\\/#breadcrumb\",\"itemListElement\":[{\"@type\":\"ListItem\",\"position\":1,\"name\":\"Domovsk\u00e1 str\u00e1nka\",\"item\":\"https:\\\/\\\/doktormraz.sk\\\/\"},{\"@type\":\"ListItem\",\"position\":2,\"name\":\"About me\"}]},{\"@type\":\"WebSite\",\"@id\":\"https:\\\/\\\/doktormraz.sk\\\/#website\",\"url\":\"https:\\\/\\\/doktormraz.sk\\\/\",\"name\":\"Mr\u00e1z\",\"description\":\"Plastick\u00fd chirurg\",\"potentialAction\":[{\"@type\":\"SearchAction\",\"target\":{\"@type\":\"EntryPoint\",\"urlTemplate\":\"https:\\\/\\\/doktormraz.sk\\\/?s={search_term_string}\"},\"query-input\":{\"@type\":\"PropertyValueSpecification\",\"valueRequired\":true,\"valueName\":\"search_term_string\"}}],\"inLanguage\":\"en-US\"}]}<\/script>\n<!-- \/ Yoast SEO plugin. -->","yoast_head_json":{"title":"About me - plastick\u00fd chirurg","description":"Plastick\u00fd chirurg doktor Mr\u00e1z patr\u00ed medzi popredn\u00fdch odborn\u00edkov plastickej a estetickej medic\u00edny. Svoju prax vedie v Banskej Bystrici.","robots":{"index":"index","follow":"follow","max-snippet":"max-snippet:-1","max-image-preview":"max-image-preview:large","max-video-preview":"max-video-preview:-1"},"canonical":"https:\/\/doktormraz.sk\/en\/doctor-mraz\/","og_locale":"en_US","og_type":"article","og_title":"About me - plastick\u00fd chirurg","og_description":"Plastick\u00fd chirurg doktor Mr\u00e1z patr\u00ed medzi popredn\u00fdch odborn\u00edkov plastickej a estetickej medic\u00edny. Svoju prax vedie v Banskej Bystrici.","og_url":"https:\/\/doktormraz.sk\/en\/doctor-mraz\/","og_site_name":"Mr\u00e1z","article_modified_time":"2024-09-03T19:05:21+00:00","twitter_card":"summary_large_image","twitter_misc":{"Est. reading time":"8 minutes"},"schema":{"@context":"https:\/\/schema.org","@graph":[{"@type":"WebPage","@id":"https:\/\/doktormraz.sk\/en\/doctor-mraz\/","url":"https:\/\/doktormraz.sk\/en\/doctor-mraz\/","name":"About me - plastick\u00fd chirurg","isPartOf":{"@id":"https:\/\/doktormraz.sk\/#website"},"datePublished":"2021-09-30T19:35:16+00:00","dateModified":"2024-09-03T19:05:21+00:00","description":"Plastick\u00fd chirurg doktor Mr\u00e1z patr\u00ed medzi popredn\u00fdch odborn\u00edkov plastickej a estetickej medic\u00edny. Svoju prax vedie v Banskej Bystrici.","breadcrumb":{"@id":"https:\/\/doktormraz.sk\/en\/doctor-mraz\/#breadcrumb"},"inLanguage":"en-US","potentialAction":[{"@type":"ReadAction","target":["https:\/\/doktormraz.sk\/en\/doctor-mraz\/"]}]},{"@type":"BreadcrumbList","@id":"https:\/\/doktormraz.sk\/en\/doctor-mraz\/#breadcrumb","itemListElement":[{"@type":"ListItem","position":1,"name":"Domovsk\u00e1 str\u00e1nka","item":"https:\/\/doktormraz.sk\/"},{"@type":"ListItem","position":2,"name":"About me"}]},{"@type":"WebSite","@id":"https:\/\/doktormraz.sk\/#website","url":"https:\/\/doktormraz.sk\/","name":"Mr\u00e1z","description":"Plastick\u00fd chirurg","potentialAction":[{"@type":"SearchAction","target":{"@type":"EntryPoint","urlTemplate":"https:\/\/doktormraz.sk\/?s={search_term_string}"},"query-input":{"@type":"PropertyValueSpecification","valueRequired":true,"valueName":"search_term_string"}}],"inLanguage":"en-US"}]}},"_links":{"self":[{"href":"https:\/\/doktormraz.sk\/en\/wp-json\/wp\/v2\/pages\/856","targetHints":{"allow":["GET"]}}],"collection":[{"href":"https:\/\/doktormraz.sk\/en\/wp-json\/wp\/v2\/pages"}],"about":[{"href":"https:\/\/doktormraz.sk\/en\/wp-json\/wp\/v2\/types\/page"}],"author":[{"embeddable":true,"href":"https:\/\/doktormraz.sk\/en\/wp-json\/wp\/v2\/users\/1"}],"replies":[{"embeddable":true,"href":"https:\/\/doktormraz.sk\/en\/wp-json\/wp\/v2\/comments?post=856"}],"version-history":[{"count":3,"href":"https:\/\/doktormraz.sk\/en\/wp-json\/wp\/v2\/pages\/856\/revisions"}],"predecessor-version":[{"id":881,"href":"https:\/\/doktormraz.sk\/en\/wp-json\/wp\/v2\/pages\/856\/revisions\/881"}],"wp:attachment":[{"href":"https:\/\/doktormraz.sk\/en\/wp-json\/wp\/v2\/media?parent=856"}],"curies":[{"name":"wp","href":"https:\/\/api.w.org\/{rel}","templated":true}]}}